{"id":2066,"date":"2025-09-11T13:48:38","date_gmt":"2025-09-11T06:48:38","guid":{"rendered":"https:\/\/adstechnology.vn\/?post_type=product&#038;p=2066"},"modified":"2025-09-11T13:50:22","modified_gmt":"2025-09-11T06:50:22","slug":"thiet-bi-giam-sat-hanh-trinh-co-tich-hop-camera-mobile-dvr-df823","status":"publish","type":"product","link":"https:\/\/adstechnology.vn\/en\/product\/thiet-bi-giam-sat-hanh-trinh-co-tich-hop-camera-mobile-dvr-df823","title":{"rendered":"THI\u1ebeT B\u1eca GI\u00c1M S\u00c1T H\u00c0NH TR\u00ccNH C\u00d3 T\u00cdCH H\u1ee2P CAMERA MOBILE DVR DF823"},"content":{"rendered":"<p><strong>THI\u1ebeT B\u1eca GI\u00c1M S\u00c1T H\u00c0NH TR\u00ccNH C\u00d3 T\u00cdCH H\u1ee2P CAMERA MOBILE DVR DF823<\/strong><br \/>\n&#8211; Truy\u1ec1n d\u1eef li\u1ec7u v\u1ec1 TC\u0110B theo : QCVN-31\/2014\/BGTVT (N\u0110 86\/2014\/N\u0110-CP), v\u00e0 TT-12\/2020\/BGTVT (N\u0110 10\/2020\/N\u0110-CP).<br \/>\n1. H\u1ed7 tr\u1ee3 4 k\u00eanh AHD 1080P + 1 IP CAM (Full HD), Chu\u1ea9n n\u00e9n H.264\/H.265.<br \/>\n2. CHIP GSM: 2G\/3G\/4G. H\u1ed7 tr\u1ee3 coi Video tr\u1ef1c ti\u1ebfp tr\u00ean m\u00e1y t\u00ednh, \u0110i\u1ec7n tho\u1ea1i. H\u00ecnh \u1ea3nh truy\u1ec1n v\u1ec1 TC\u0110B 3-5 ph\u00fat l\u1ea7n.<br \/>\n3. M\u00e0n h\u00ecnh LCD hi\u1ec3n th\u1ecb tr\u1ea1ng th\u00e1i ho\u1ea1t \u0111\u1ed9ng, v\u1eadn t\u1ed1c&#8230;.<br \/>\n4. CHIP GPS\/G-Sensor. D\u1eef li\u1ec7u H\u00e0nh tr\u00ecnh l\u01b0u tr\u00ean Thi\u1ebft b\u1ecb l\u00ean \u0111\u1ebfn 30 ng\u00e0y.<br \/>\n5. L\u01b0u tr\u1eef: SD Carrd 256Gb, \u0110\u0129a c\u1ee9ng 2Tb, l\u01b0u Video tr\u00ean \u0111\u0129a c\u1ee9ng l\u00ean \u0111\u1ebfn 30 ng\u00e0y<br \/>\n6. Ngu\u1ed3n \u0111i\u1ec7n \u00e1p r\u1ed9ng 8-36V. B\u1ea3o v\u1ec7 qu\u00e1 t\u1ea3i \/ \u0111i\u1ec7n \u00e1p th\u1ea5p \/ ng\u1eafn m\u1ea1ch \/ \u0111\u1ea3o chi\u1ec1u<br \/>\n7. C\u00f4ng su\u1ea5t \u0111\u1ea7u ra 12VDC \/ 3Amp<br \/>\n8. Ch\u1ee9c n\u0103ng quay video sau khi xe t\u1eaft m\u00e1y (c\u00f3 th\u1ec3 c\u00e0i \u0111\u1eb7t th\u1eddi gian l\u00ean \u0111\u1ebfn 24 gi\u1edd).<br \/>\n9. C\u00e0i \u0111\u1eb7t c\u00e1c ch\u1ebf \u0111\u1ed9 quay video kh\u00e1c nh\u01b0 ghi t\u1ef1 \u0111\u1ed9ng, ghi th\u1ee7 c\u00f4ng, ghi \u00e2m b\u00e1o \u0111\u1ed9ng, v.v.<br \/>\n10. Hi\u1ec3n th\u1ecb v\u00e0 ghi l\u1ea1i tr\u1ea1ng th\u00e1i c\u1ee7a xe, bi\u1ec3n s\u1ed1. C\u00f3 th\u1ec3 k\u1ebft n\u1ed1i c\u1ea3m bi\u1ebfn Nhi\u00ean li\u1ec7u, Nhi\u1ec7t \u0111\u1ed9, \u00e1p su\u1ea5t l\u1ed1p,v.v.<br \/>\n11. H\u1ed7 tr\u1ee3 t\u1ea5t c\u1ea3 c\u00e1c ph\u01b0\u01a1ng ti\u1ec7n, bao g\u1ed3m xe bu\u00fdt, taxi, xe t\u1ea3i, xe bu\u00fdt tr\u01b0\u1eddng h\u1ecdc, v.v. etc&#8221;<\/p>\n<p>&nbsp;<\/p>","protected":false},"excerpt":{"rendered":"<p>THI\u1ebeT B\u1eca GI\u00c1M S\u00c1T H\u00c0NH TR\u00ccNH C\u00d3 T\u00cdCH H\u1ee2P CAMERA MOBILE DVR DF823 &#8211; Truy\u1ec1n d\u1eef li\u1ec7u v\u1ec1 TC\u0110B theo : QCVN-31\/2014\/BGTVT (N\u0110 86\/2014\/N\u0110-CP), v\u00e0 TT-12\/2020\/BGTVT (N\u0110 10\/2020\/N\u0110-CP). 1. H\u1ed7 tr\u1ee3 4 k\u00eanh AHD 1080P + 1 IP CAM (Full HD), Chu\u1ea9n n\u00e9n H.264\/H.265. 2. CHIP GSM: 2G\/3G\/4G. H\u1ed7 tr\u1ee3 coi Video tr\u1ef1c ti\u1ebfp tr\u00ean m\u00e1y t\u00ednh, \u0110i\u1ec7n tho\u1ea1i. H\u00ecnh \u1ea3nh truy\u1ec1n v\u1ec1 TC\u0110B 3-5 ph\u00fat l\u1ea7n. 3. M\u00e0n h\u00ecnh LCD hi\u1ec3n th\u1ecb tr\u1ea1ng th\u00e1i ho\u1ea1t \u0111\u1ed9ng, v\u1eadn t\u1ed1c&#8230;. 4. CHIP GPS\/G-Sensor. D\u1eef li\u1ec7u H\u00e0nh tr\u00ecnh l\u01b0u tr\u00ean Thi\u1ebft b\u1ecb l\u00ean \u0111\u1ebfn 30 ng\u00e0y. 5. L\u01b0u tr\u1eef: SD Carrd 256Gb, \u0110\u0129a c\u1ee9ng 2Tb, l\u01b0u Video tr\u00ean \u0111\u0129a c\u1ee9ng l\u00ean \u0111\u1ebfn 30 ng\u00e0y 6. Ngu\u1ed3n \u0111i\u1ec7n \u00e1p r\u1ed9ng 8-36V. B\u1ea3o v\u1ec7 qu\u00e1 t\u1ea3i \/ \u0111i\u1ec7n \u00e1p th\u1ea5p \/ ng\u1eafn m\u1ea1ch \/ \u0111\u1ea3o chi\u1ec1u 7. C\u00f4ng su\u1ea5t \u0111\u1ea7u ra 12VDC \/ 3Amp 8. Ch\u1ee9c n\u0103ng quay video sau khi xe t\u1eaft m\u00e1y (c\u00f3 th\u1ec3 c\u00e0i \u0111\u1eb7t th\u1eddi gian l\u00ean \u0111\u1ebfn 24 gi\u1edd). 9. C\u00e0i \u0111\u1eb7t c\u00e1c ch\u1ebf \u0111\u1ed9 quay video kh\u00e1c nh\u01b0 ghi t\u1ef1 \u0111\u1ed9ng, ghi th\u1ee7 c\u00f4ng, ghi \u00e2m b\u00e1o \u0111\u1ed9ng, v.v. 10. Hi\u1ec3n th\u1ecb v\u00e0 ghi l\u1ea1i tr\u1ea1ng th\u00e1i c\u1ee7a xe, bi\u1ec3n s\u1ed1. C\u00f3 th\u1ec3 k\u1ebft n\u1ed1i c\u1ea3m bi\u1ebfn Nhi\u00ean li\u1ec7u, Nhi\u1ec7t \u0111\u1ed9, \u00e1p su\u1ea5t l\u1ed1p,v.v. 11. H\u1ed7 tr\u1ee3 t\u1ea5t c\u1ea3 c\u00e1c ph\u01b0\u01a1ng ti\u1ec7n, bao g\u1ed3m xe bu\u00fdt, taxi, xe t\u1ea3i, xe bu\u00fdt tr\u01b0\u1eddng h\u1ecdc, v.v. etc&#8221; &nbsp;<\/p>","protected":false},"featured_media":2067,"comment_status":"closed","ping_status":"closed","template":"","meta":{"site-sidebar-layout":"default","site-content-layout":"default","ast-site-content-layout":"default","site-content-style":"default","site-sidebar-style":"default","ast-global-header-display":"","ast-banner-title-visibility":"","ast-main-header-display":"","ast-hfb-above-header-display":"","ast-hfb-below-header-display":"","ast-hfb-mobile-header-display":"","site-post-title":"","ast-breadcrumbs-content":"","ast-featured-img":"","footer-sml-layout":"","theme-transparent-header-meta":"default","adv-header-id-meta":"","stick-header-meta":"","header-above-stick-meta":"","header-main-stick-meta":"","header-below-stick-meta":"","astra-migrate-meta-layouts":"default","ast-page-background-enabled":"default","ast-page-background-meta":{"desktop":{"background-color":"var(--ast-global-color-4)","background-image":"","background-repeat":"repeat","background-position":"center center","background-size":"auto","background-attachment":"scroll","background-type":"","background-media":"","overlay-type":"","overlay-color":"","overlay-opacity":"","overlay-gradient":""},"tablet":{"background-color":"","background-image":"","background-repeat":"repeat","background-position":"center center","background-size":"auto","background-attachment":"scroll","background-type":"","background-media":"","overlay-type":"","overlay-color":"","overlay-opacity":"","overlay-gradient":""},"mobile":{"background-color":"","background-image":"","background-repeat":"repeat","background-position":"center center","background-size":"auto","background-attachment":"scroll","background-type":"","background-media":"","overlay-type":"","overlay-color":"","overlay-opacity":"","overlay-gradient":""}},"ast-content-background-meta":{"desktop":{"background-color":"var(--ast-global-color-5)","background-image":"","background-repeat":"repeat","background-position":"center center","background-size":"auto","background-attachment":"scroll","background-type":"","background-media":"","overlay-type":"","overlay-color":"","overlay-opacity":"","overlay-gradient":""},"tablet":{"background-color":"var(--ast-global-color-5)","background-image":"","background-repeat":"repeat","background-position":"center center","background-size":"auto","background-attachment":"scroll","background-type":"","background-media":"","overlay-type":"","overlay-color":"","overlay-opacity":"","overlay-gradient":""},"mobile":{"background-color":"var(--ast-global-color-5)","background-image":"","background-repeat":"repeat","background-position":"center center","background-size":"auto","background-attachment":"scroll","background-type":"","background-media":"","overlay-type":"","overlay-color":"","overlay-opacity":"","overlay-gradient":""}}},"product_brand":[],"product_cat":[30],"product_tag":[],"class_list":{"0":"post-2066","1":"product","2":"type-product","3":"status-publish","4":"has-post-thumbnail","6":"product_cat-san-pham","7":"desktop-align-left","8":"tablet-align-left","9":"mobile-align-left","11":"first","12":"instock","13":"shipping-taxable","14":"product-type-simple"},"_links":{"self":[{"href":"https:\/\/adstechnology.vn\/en\/wp-json\/wp\/v2\/product\/2066","targetHints":{"allow":["GET"]}}],"collection":[{"href":"https:\/\/adstechnology.vn\/en\/wp-json\/wp\/v2\/product"}],"about":[{"href":"https:\/\/adstechnology.vn\/en\/wp-json\/wp\/v2\/types\/product"}],"replies":[{"embeddable":true,"href":"https:\/\/adstechnology.vn\/en\/wp-json\/wp\/v2\/comments?post=2066"}],"wp:featuredmedia":[{"embeddable":true,"href":"https:\/\/adstechnology.vn\/en\/wp-json\/wp\/v2\/media\/2067"}],"wp:attachment":[{"href":"https:\/\/adstechnology.vn\/en\/wp-json\/wp\/v2\/media?parent=2066"}],"wp:term":[{"taxonomy":"product_brand","embeddable":true,"href":"https:\/\/adstechnology.vn\/en\/wp-json\/wp\/v2\/product_brand?post=2066"},{"taxonomy":"product_cat","embeddable":true,"href":"https:\/\/adstechnology.vn\/en\/wp-json\/wp\/v2\/product_cat?post=2066"},{"taxonomy":"product_tag","embeddable":true,"href":"https:\/\/adstechnology.vn\/en\/wp-json\/wp\/v2\/product_tag?post=2066"}],"curies":[{"name":"wp","href":"https:\/\/api.w.org\/{rel}","templated":true}]}}