{"id":2060,"date":"2025-09-11T11:23:15","date_gmt":"2025-09-11T04:23:15","guid":{"rendered":"https:\/\/adstechnology.vn\/?post_type=product&#038;p=2060"},"modified":"2025-09-11T11:44:10","modified_gmt":"2025-09-11T04:44:10","slug":"thiet-bi-giam-sat-hanh-trinh-co-tich-hop-camera-ads-s01","status":"publish","type":"product","link":"https:\/\/adstechnology.vn\/en\/product\/thiet-bi-giam-sat-hanh-trinh-co-tich-hop-camera-ads-s01","title":{"rendered":"THI\u1ebeT B\u1eca GI\u00c1M S\u00c1T H\u00c0NH TR\u00ccNH C\u00d3 T\u00cdCH H\u1ee2P CAMERA ADS-S01"},"content":{"rendered":"<p><strong>THI\u1ebeT B\u1eca GI\u00c1M S\u00c1T H\u00c0NH TR\u00ccNH C\u00d3 T\u00cdCH H\u1ee2P CAMERA ADS-S01<\/strong><\/p>\n<p>&#8211; \u0110\u00e1p \u1ee9ng: QCVN-31\/2014\/BGTVT (N\u0110 86\/2014\/N\u0110-CP), v\u00e0 TT-12\/2020\/BGTVT (N\u0110 10\/2020\/N\u0110-CP).<br \/>\n1. T\u00edch h\u1ee3p 2 camera AHD 1080P (1\/2.9&#8243; 2M CMOS Sensor Full HD)<br \/>\n&#8211; Camera quay k\u00ednh l\u00e1i 114\u00b0 &#8211; Startlight.<br \/>\n&#8211; Camera quay b\u00ean trong Cabin 146\u00b0 H\u1ed3ng ngo\u1ea1i (5m).<br \/>\n&#8211; Ghi \u00e2m 1 k\u00eanh ADPCM\/G.711\/G.726<br \/>\n&#8211; Chu\u1ea9n n\u00e9n H.264\/H.265<br \/>\n2. Chip GSM: 4G. Coi Video tr\u1ef1c ti\u1ebfp tr\u00ean m\u00e1y t\u00ednh, \u0110i\u1ec7n tho\u1ea1i. H\u00ecnh \u1ea3nh truy\u1ec1n v\u1ec1 TC\u0110B 3-5 ph\u00fat l\u1ea7n. Theo TT-12\/2020\/BGTVT (N\u0110 10\/2020\/N\u0110-CP).<br \/>\n3. Chip GPS\/G-Sensor.<br \/>\n4. \u0110\u1ea7u \u0111\u1ecdc th\u1ebb T\u00e0i x\u1ebf RFID reader theo QCVN-31\/2014\/BGTVT (N\u0110 86\/2014\/N\u0110-CP)<br \/>\n5. L\u01b0u tr\u1eef: SD card t\u1ed1i \u0111a 256GB, l\u01b0u \u0111\u1ebfn 200 gi\u1edd Video<br \/>\n6. Ngu\u1ed3n \u0111i\u1ec7n \u00e1p r\u1ed9ng 8-36V. B\u1ea3o v\u1ec7 qu\u00e1 t\u1ea3i \/ \u0111i\u1ec7n \u00e1p th\u1ea5p\/ ng\u1eafn m\u1ea1ch\/ \u0111\u1ea3o chi\u1ec1u<br \/>\n7. C\u00e0i \u0111\u1eb7t c\u00e1c ch\u1ebf \u0111\u1ed9 quay video kh\u00e1c nh\u01b0 ghi t\u1ef1 \u0111\u1ed9ng, ghi th\u1ee7 c\u00f4ng, ghi \u00e2m b\u00e1o \u0111\u1ed9ng, v.v.<br \/>\n8. Hi\u1ec3n th\u1ecb v\u00e0 ghi l\u1ea1i tr\u1ea1ng th\u00e1i c\u1ee7a xe, bi\u1ec3n s\u1ed1.<br \/>\n9. Th\u00edch h\u1ee3p c\u00e1c lo\u1ea1i ph\u01b0\u01a1ng ti\u1ec7n: Container, \u0110\u1ea7u k\u00e9o, xe 16 ch\u1ed7 ng\u1ed3i<\/p>","protected":false},"excerpt":{"rendered":"<p>THI\u1ebeT B\u1eca GI\u00c1M S\u00c1T H\u00c0NH TR\u00ccNH C\u00d3 T\u00cdCH H\u1ee2P CAMERA ADS-S01 &#8211; \u0110\u00e1p \u1ee9ng: QCVN-31\/2014\/BGTVT (N\u0110 86\/2014\/N\u0110-CP), v\u00e0 TT-12\/2020\/BGTVT (N\u0110 10\/2020\/N\u0110-CP). 1. T\u00edch h\u1ee3p 2 camera AHD 1080P (1\/2.9&#8243; 2M CMOS Sensor Full HD) &#8211; Camera quay k\u00ednh l\u00e1i 114\u00b0 &#8211; Startlight. &#8211; Camera quay b\u00ean trong Cabin 146\u00b0 H\u1ed3ng ngo\u1ea1i (5m). &#8211; Ghi \u00e2m 1 k\u00eanh ADPCM\/G.711\/G.726 &#8211; Chu\u1ea9n n\u00e9n H.264\/H.265 2. Chip GSM: 4G. Coi Video tr\u1ef1c ti\u1ebfp tr\u00ean m\u00e1y t\u00ednh, \u0110i\u1ec7n tho\u1ea1i. H\u00ecnh \u1ea3nh truy\u1ec1n v\u1ec1 TC\u0110B 3-5 ph\u00fat l\u1ea7n. Theo TT-12\/2020\/BGTVT (N\u0110 10\/2020\/N\u0110-CP). 3. Chip GPS\/G-Sensor. 4. \u0110\u1ea7u \u0111\u1ecdc th\u1ebb T\u00e0i x\u1ebf RFID reader theo QCVN-31\/2014\/BGTVT (N\u0110 86\/2014\/N\u0110-CP) 5. L\u01b0u tr\u1eef: SD card t\u1ed1i \u0111a 256GB, l\u01b0u \u0111\u1ebfn 200 gi\u1edd Video 6. Ngu\u1ed3n \u0111i\u1ec7n \u00e1p r\u1ed9ng 8-36V. B\u1ea3o v\u1ec7 qu\u00e1 t\u1ea3i \/ \u0111i\u1ec7n \u00e1p th\u1ea5p\/ ng\u1eafn m\u1ea1ch\/ \u0111\u1ea3o chi\u1ec1u 7. C\u00e0i \u0111\u1eb7t c\u00e1c ch\u1ebf \u0111\u1ed9 quay video kh\u00e1c nh\u01b0 ghi t\u1ef1 \u0111\u1ed9ng, ghi th\u1ee7 c\u00f4ng, ghi \u00e2m b\u00e1o \u0111\u1ed9ng, v.v. 8. Hi\u1ec3n th\u1ecb v\u00e0 ghi l\u1ea1i tr\u1ea1ng th\u00e1i c\u1ee7a xe, bi\u1ec3n s\u1ed1. 9. Th\u00edch h\u1ee3p c\u00e1c lo\u1ea1i ph\u01b0\u01a1ng ti\u1ec7n: Container, \u0110\u1ea7u k\u00e9o, xe 16 ch\u1ed7 ng\u1ed3i<\/p>","protected":false},"featured_media":2061,"comment_status":"closed","ping_status":"closed","template":"","meta":{"site-sidebar-layout":"default","site-content-layout":"default","ast-site-content-layout":"default","site-content-style":"default","site-sidebar-style":"default","ast-global-header-display":"","ast-banner-title-visibility":"","ast-main-header-display":"","ast-hfb-above-header-display":"","ast-hfb-below-header-display":"","ast-hfb-mobile-header-display":"","site-post-title":"","ast-breadcrumbs-content":"","ast-featured-img":"","footer-sml-layout":"","theme-transparent-header-meta":"default","adv-header-id-meta":"","stick-header-meta":"","header-above-stick-meta":"","header-main-stick-meta":"","header-below-stick-meta":"","astra-migrate-meta-layouts":"default","ast-page-background-enabled":"default","ast-page-background-meta":{"desktop":{"background-color":"var(--ast-global-color-4)","background-image":"","background-repeat":"repeat","background-position":"center center","background-size":"auto","background-attachment":"scroll","background-type":"","background-media":"","overlay-type":"","overlay-color":"","overlay-opacity":"","overlay-gradient":""},"tablet":{"background-color":"","background-image":"","background-repeat":"repeat","background-position":"center center","background-size":"auto","background-attachment":"scroll","background-type":"","background-media":"","overlay-type":"","overlay-color":"","overlay-opacity":"","overlay-gradient":""},"mobile":{"background-color":"","background-image":"","background-repeat":"repeat","background-position":"center center","background-size":"auto","background-attachment":"scroll","background-type":"","background-media":"","overlay-type":"","overlay-color":"","overlay-opacity":"","overlay-gradient":""}},"ast-content-background-meta":{"desktop":{"background-color":"var(--ast-global-color-5)","background-image":"","background-repeat":"repeat","background-position":"center center","background-size":"auto","background-attachment":"scroll","background-type":"","background-media":"","overlay-type":"","overlay-color":"","overlay-opacity":"","overlay-gradient":""},"tablet":{"background-color":"var(--ast-global-color-5)","background-image":"","background-repeat":"repeat","background-position":"center center","background-size":"auto","background-attachment":"scroll","background-type":"","background-media":"","overlay-type":"","overlay-color":"","overlay-opacity":"","overlay-gradient":""},"mobile":{"background-color":"var(--ast-global-color-5)","background-image":"","background-repeat":"repeat","background-position":"center center","background-size":"auto","background-attachment":"scroll","background-type":"","background-media":"","overlay-type":"","overlay-color":"","overlay-opacity":"","overlay-gradient":""}}},"product_brand":[],"product_cat":[29],"product_tag":[],"class_list":{"0":"post-2060","1":"product","2":"type-product","3":"status-publish","4":"has-post-thumbnail","6":"product_cat-chua-phan-loai","7":"desktop-align-left","8":"tablet-align-left","9":"mobile-align-left","11":"first","12":"instock","13":"shipping-taxable","14":"product-type-simple"},"_links":{"self":[{"href":"https:\/\/adstechnology.vn\/en\/wp-json\/wp\/v2\/product\/2060","targetHints":{"allow":["GET"]}}],"collection":[{"href":"https:\/\/adstechnology.vn\/en\/wp-json\/wp\/v2\/product"}],"about":[{"href":"https:\/\/adstechnology.vn\/en\/wp-json\/wp\/v2\/types\/product"}],"replies":[{"embeddable":true,"href":"https:\/\/adstechnology.vn\/en\/wp-json\/wp\/v2\/comments?post=2060"}],"wp:featuredmedia":[{"embeddable":true,"href":"https:\/\/adstechnology.vn\/en\/wp-json\/wp\/v2\/media\/2061"}],"wp:attachment":[{"href":"https:\/\/adstechnology.vn\/en\/wp-json\/wp\/v2\/media?parent=2060"}],"wp:term":[{"taxonomy":"product_brand","embeddable":true,"href":"https:\/\/adstechnology.vn\/en\/wp-json\/wp\/v2\/product_brand?post=2060"},{"taxonomy":"product_cat","embeddable":true,"href":"https:\/\/adstechnology.vn\/en\/wp-json\/wp\/v2\/product_cat?post=2060"},{"taxonomy":"product_tag","embeddable":true,"href":"https:\/\/adstechnology.vn\/en\/wp-json\/wp\/v2\/product_tag?post=2060"}],"curies":[{"name":"wp","href":"https:\/\/api.w.org\/{rel}","templated":true}]}}