{"id":512,"date":"2020-10-17T10:18:24","date_gmt":"2020-10-17T03:18:24","guid":{"rendered":"http:\/\/adstechnology.vn\/?page_id=512"},"modified":"2023-02-09T12:29:13","modified_gmt":"2023-02-09T05:29:13","slug":"doi-tac","status":"publish","type":"page","link":"https:\/\/adstechnology.vn\/en\/doi-tac","title":{"rendered":"\u0110\u1ed0I T\u00c1C"},"content":{"rendered":"<div data-elementor-type=\"wp-post\" data-elementor-id=\"512\" class=\"elementor elementor-512\" data-elementor-post-type=\"page\">\n\t\t\t\t\t\t<section class=\"elementor-section elementor-top-section elementor-element elementor-element-226bc03 elementor-section-boxed elementor-section-height-default elementor-section-height-default wpr-particle-no wpr-jarallax-no wpr-parallax-no wpr-sticky-section-no\" data-id=\"226bc03\" data-element_type=\"section\" data-e-type=\"section\" data-settings=\"{&quot;background_background&quot;:&quot;classic&quot;}\">\n\t\t\t\t\t\t\t<div class=\"elementor-background-overlay\"><\/div>\n\t\t\t\t\t\t\t<div class=\"elementor-container elementor-column-gap-no\">\n\t\t\t\t\t<div class=\"elementor-column elementor-col-100 elementor-top-column elementor-element elementor-element-50d1d5b\" data-id=\"50d1d5b\" data-element_type=\"column\" data-e-type=\"column\">\n\t\t\t<div class=\"elementor-widget-wrap elementor-element-populated\">\n\t\t\t\t\t\t<div class=\"elementor-element elementor-element-8c0d8b6 elementor-widget elementor-widget-heading\" data-id=\"8c0d8b6\" data-element_type=\"widget\" data-e-type=\"widget\" data-widget_type=\"heading.default\">\n\t\t\t\t<div class=\"elementor-widget-container\">\n\t\t\t\t\t<h2 class=\"elementor-heading-title elementor-size-default\">\u0110\u1ed0I T\u00c1C<\/h2>\t\t\t\t<\/div>\n\t\t\t\t<\/div>\n\t\t\t\t\t<\/div>\n\t\t<\/div>\n\t\t\t\t\t<\/div>\n\t\t<\/section>\n\t\t\t\t<section class=\"elementor-section elementor-top-section elementor-element elementor-element-df83d1b elementor-section-boxed elementor-section-height-default elementor-section-height-default wpr-particle-no wpr-jarallax-no wpr-parallax-no wpr-sticky-section-no\" data-id=\"df83d1b\" data-element_type=\"section\" data-e-type=\"section\">\n\t\t\t\t\t\t<div class=\"elementor-container elementor-column-gap-default\">\n\t\t\t\t\t<div class=\"elementor-column elementor-col-100 elementor-top-column elementor-element elementor-element-c7a12ec\" data-id=\"c7a12ec\" data-element_type=\"column\" data-e-type=\"column\">\n\t\t\t<div class=\"elementor-widget-wrap elementor-element-populated\">\n\t\t\t\t\t\t<div class=\"elementor-element elementor-element-196e2a9 elementor-grid-1 elementor-posts--thumbnail-left elementor-posts--align-left elementor-grid-tablet-2 elementor-grid-mobile-1 elementor-widget elementor-widget-posts\" data-id=\"196e2a9\" data-element_type=\"widget\" data-e-type=\"widget\" data-settings=\"{&quot;pagination_type&quot;:&quot;numbers&quot;,&quot;classic_columns&quot;:&quot;1&quot;,&quot;classic_columns_tablet&quot;:&quot;2&quot;,&quot;classic_columns_mobile&quot;:&quot;1&quot;,&quot;classic_row_gap&quot;:{&quot;unit&quot;:&quot;px&quot;,&quot;size&quot;:35,&quot;sizes&quot;:[]},&quot;classic_row_gap_tablet&quot;:{&quot;unit&quot;:&quot;px&quot;,&quot;size&quot;:&quot;&quot;,&quot;sizes&quot;:[]},&quot;classic_row_gap_mobile&quot;:{&quot;unit&quot;:&quot;px&quot;,&quot;size&quot;:&quot;&quot;,&quot;sizes&quot;:[]}}\" data-widget_type=\"posts.classic\">\n\t\t\t\t<div class=\"elementor-widget-container\">\n\t\t\t\t\t\t\t<div class=\"elementor-posts-container elementor-posts elementor-posts--skin-classic elementor-grid\">\n\t\t\t\t<article class=\"elementor-post elementor-grid-item post-498 post type-post status-publish format-standard has-post-thumbnail hentry category-doi-tac\">\n\t\t\t\t<a class=\"elementor-post__thumbnail__link\" href=\"https:\/\/adstechnology.vn\/en\/technoton.html\" tabindex=\"-1\" >\n\t\t\t<div class=\"elementor-post__thumbnail\"><img fetchpriority=\"high\" decoding=\"async\" width=\"476\" height=\"196\" src=\"https:\/\/adstechnology.vn\/wp-content\/uploads\/2020\/10\/logo-technoton-20.png\" class=\"attachment-full size-full wp-image-499\" alt=\"\" srcset=\"https:\/\/adstechnology.vn\/wp-content\/uploads\/2020\/10\/logo-technoton-20.png 476w, https:\/\/adstechnology.vn\/wp-content\/uploads\/2020\/10\/logo-technoton-20-300x124.png 300w\" sizes=\"(max-width: 476px) 100vw, 476px\" \/><\/div>\n\t\t<\/a>\n\t\t\t\t<div class=\"elementor-post__text\">\n\t\t\t\t<h3 class=\"elementor-post__title\">\n\t\t\t<a href=\"https:\/\/adstechnology.vn\/en\/technoton.html\" >\n\t\t\t\tTechnoton\t\t\t<\/a>\n\t\t<\/h3>\n\t\t\t\t<div class=\"elementor-post__excerpt\">\n\t\t\t<p>Ch\u00fang t\u00f4i cung c\u1ea5p c\u00e1c gi\u1ea3i ph\u00e1p to\u00e0n di\u1ec7n \u0111\u1ec3 gi\u00e1m s\u00e1t t\u1eeb xa xe t\u1ea3i \u0111\u01b0\u1eddng b\u1ed9 v\u00e0 \u0111\u1ecba h\u00ecnh, \u0111\u1ea7u m\u00e1y xe l\u1eeda, t\u00e0u bi\u1ec3n v\u00e0 s\u00f4ng, m\u00e1y ph\u00e1t \u0111i\u1ec7n diesel (gensets), kho ch\u1ee9a nhi\u00ean li\u1ec7u v\u00e0 b\u1ed3n ch\u1ee9a, m\u00e1y m\u00f3c c\u00f4ng ngh\u1ec7. C\u00e1c th\u00f4ng s\u1ed1 ch\u00ednh \u0111\u01b0\u1ee3c theo d\u00f5i l\u00e0: m\u1ee9c ti\u00eau<\/p>\n\t\t<\/div>\n\t\t\n\t\t<a class=\"elementor-post__read-more\" href=\"https:\/\/adstechnology.vn\/en\/technoton.html\" aria-label=\"Read more about Technoton\" tabindex=\"-1\" >\n\t\t\t\u0110\u1eccC TH\u00caM \u00bb\t\t<\/a>\n\n\t\t\t\t<\/div>\n\t\t\t\t<\/article>\n\t\t\t\t<article class=\"elementor-post elementor-grid-item post-501 post type-post status-publish format-standard has-post-thumbnail hentry category-doi-tac\">\n\t\t\t\t<a class=\"elementor-post__thumbnail__link\" href=\"https:\/\/adstechnology.vn\/en\/teltonika.html\" tabindex=\"-1\" >\n\t\t\t<div class=\"elementor-post__thumbnail\"><img decoding=\"async\" width=\"1200\" height=\"560\" src=\"https:\/\/adstechnology.vn\/wp-content\/uploads\/2020\/10\/teltonika.png\" class=\"attachment-full size-full wp-image-504\" alt=\"\" srcset=\"https:\/\/adstechnology.vn\/wp-content\/uploads\/2020\/10\/teltonika.png 1200w, https:\/\/adstechnology.vn\/wp-content\/uploads\/2020\/10\/teltonika-600x280.png 600w, https:\/\/adstechnology.vn\/wp-content\/uploads\/2020\/10\/teltonika-300x140.png 300w, https:\/\/adstechnology.vn\/wp-content\/uploads\/2020\/10\/teltonika-1024x478.png 1024w, https:\/\/adstechnology.vn\/wp-content\/uploads\/2020\/10\/teltonika-768x358.png 768w\" sizes=\"(max-width: 1200px) 100vw, 1200px\" \/><\/div>\n\t\t<\/a>\n\t\t\t\t<div class=\"elementor-post__text\">\n\t\t\t\t<h3 class=\"elementor-post__title\">\n\t\t\t<a href=\"https:\/\/adstechnology.vn\/en\/teltonika.html\" >\n\t\t\t\tTeltonika\t\t\t<\/a>\n\t\t<\/h3>\n\t\t\t\t<div class=\"elementor-post__excerpt\">\n\t\t\t<p>T\u1ea1i Teltonika IoT Group, ch\u00fang t\u00f4i ph\u00e1t tri\u1ec3n c\u00e1c gi\u1ea3i ph\u00e1p Internet of Things v\u01b0\u1ee3t tr\u1ed9i tr\u00ean to\u00e0n th\u1ebf gi\u1edbi. Ng\u00e0y nay, h\u01a1n 10 tri\u1ec7u thi\u1ebft b\u1ecb IoT \u0111\u00e3 \u0111\u01b0\u1ee3c k\u1ebft n\u1ed1i v\u1edbi internet v\u00e0 \u0111ang m\u1edf r\u1ed9ng ho\u1ea1t \u0111\u1ed9ng kinh doanh c\u1ee7a ch\u00fang t\u00f4i trong c\u00e1c l\u0129nh v\u1ef1c Vi\u1ec5n th\u00f4ng, M\u1ea1ng, Y h\u1ecdc t\u1eeb<\/p>\n\t\t<\/div>\n\t\t\n\t\t<a class=\"elementor-post__read-more\" href=\"https:\/\/adstechnology.vn\/en\/teltonika.html\" aria-label=\"Read more about Teltonika\" tabindex=\"-1\" >\n\t\t\t\u0110\u1eccC TH\u00caM \u00bb\t\t<\/a>\n\n\t\t\t\t<\/div>\n\t\t\t\t<\/article>\n\t\t\t\t<article class=\"elementor-post elementor-grid-item post-506 post type-post status-publish format-standard has-post-thumbnail hentry category-doi-tac\">\n\t\t\t\t<a class=\"elementor-post__thumbnail__link\" href=\"https:\/\/adstechnology.vn\/en\/tigerholm.html\" tabindex=\"-1\" >\n\t\t\t<div class=\"elementor-post__thumbnail\"><img decoding=\"async\" width=\"900\" height=\"550\" src=\"https:\/\/adstechnology.vn\/wp-content\/uploads\/2020\/10\/Tigerholm.jpg\" class=\"attachment-full size-full wp-image-507\" alt=\"\" srcset=\"https:\/\/adstechnology.vn\/wp-content\/uploads\/2020\/10\/Tigerholm.jpg 900w, https:\/\/adstechnology.vn\/wp-content\/uploads\/2020\/10\/Tigerholm-600x367.jpg 600w, https:\/\/adstechnology.vn\/wp-content\/uploads\/2020\/10\/Tigerholm-300x183.jpg 300w, https:\/\/adstechnology.vn\/wp-content\/uploads\/2020\/10\/Tigerholm-768x469.jpg 768w\" sizes=\"(max-width: 900px) 100vw, 900px\" \/><\/div>\n\t\t<\/a>\n\t\t\t\t<div class=\"elementor-post__text\">\n\t\t\t\t<h3 class=\"elementor-post__title\">\n\t\t\t<a href=\"https:\/\/adstechnology.vn\/en\/tigerholm.html\" >\n\t\t\t\tTigerholm\t\t\t<\/a>\n\t\t<\/h3>\n\t\t\t\t<div class=\"elementor-post__excerpt\">\n\t\t\t<p>Tigerholm l\u00e0 c\u00f4ng ty d\u1eabn \u0111\u1ea7u \u0111\u01b0\u1ee3c th\u1eeba nh\u1eadn v\u1ec1 c\u00f4ng ngh\u1ec7 s\u01b0\u1edfi \u1ea5m, th\u00f4ng gi\u00f3 v\u00e0 \u0111i\u1ec1u h\u00f2a kh\u00f4ng kh\u00ed (HVAC) &#8211; v\u1edbi vi\u1ec7c tri\u1ec3n khai nhi\u1ec1u lo\u1ea1i t\u1eeb n\u1ed3i h\u01a1i d\u00e2n d\u1ee5ng cho \u0111\u1ebfn c\u00e1c l\u00f2 c\u00f4ng nghi\u1ec7p quy m\u00f4 l\u1edbn. L\u00e0 m\u1ed9t ph\u1ea7n c\u1ee7a m\u1ea1ng l\u01b0\u1edbi th\u01b0\u01a1ng hi\u1ec7u SPX FLOW qu\u1ed1c t\u1ebf,<\/p>\n\t\t<\/div>\n\t\t\n\t\t<a class=\"elementor-post__read-more\" href=\"https:\/\/adstechnology.vn\/en\/tigerholm.html\" aria-label=\"Read more about Tigerholm\" tabindex=\"-1\" >\n\t\t\t\u0110\u1eccC TH\u00caM \u00bb\t\t<\/a>\n\n\t\t\t\t<\/div>\n\t\t\t\t<\/article>\n\t\t\t\t<article class=\"elementor-post elementor-grid-item post-509 post type-post status-publish format-standard has-post-thumbnail hentry category-doi-tac\">\n\t\t\t\t<a class=\"elementor-post__thumbnail__link\" href=\"https:\/\/adstechnology.vn\/en\/gurtam.html\" tabindex=\"-1\" >\n\t\t\t<div class=\"elementor-post__thumbnail\"><img loading=\"lazy\" decoding=\"async\" width=\"800\" height=\"232\" src=\"https:\/\/adstechnology.vn\/wp-content\/uploads\/2020\/10\/Gurtam.png\" class=\"attachment-full size-full wp-image-510\" alt=\"\" srcset=\"https:\/\/adstechnology.vn\/wp-content\/uploads\/2020\/10\/Gurtam.png 800w, https:\/\/adstechnology.vn\/wp-content\/uploads\/2020\/10\/Gurtam-600x174.png 600w, https:\/\/adstechnology.vn\/wp-content\/uploads\/2020\/10\/Gurtam-300x87.png 300w, https:\/\/adstechnology.vn\/wp-content\/uploads\/2020\/10\/Gurtam-768x223.png 768w\" sizes=\"(max-width: 800px) 100vw, 800px\" \/><\/div>\n\t\t<\/a>\n\t\t\t\t<div class=\"elementor-post__text\">\n\t\t\t\t<h3 class=\"elementor-post__title\">\n\t\t\t<a href=\"https:\/\/adstechnology.vn\/en\/gurtam.html\" >\n\t\t\t\tGurtam\t\t\t<\/a>\n\t\t<\/h3>\n\t\t\t\t<div class=\"elementor-post__excerpt\">\n\t\t\t<p>\u1ede ph\u00eda sau c\u1ee7a t\u1eeb Gurtam, ch\u00fang t\u00f4i c\u00f3 h\u01a1n 17 n\u0103m kinh nghi\u1ec7m th\u1ef1c h\u00e0nh t\u1ed1t nh\u1ea5t trong l\u0129nh v\u1ef1c k\u1ef9 thu\u1eadt ph\u1ea7n m\u1ec1m trong l\u0129nh v\u1ef1c theo d\u00f5i GPS v\u00e0 m\u1ed9t \u0111\u1ed9i ng\u0169 c\u00e1c chuy\u00ean gia t\u00e0i n\u0103ng cam k\u1ebft v\u00ec m\u1ee5c ti\u00eau chung. C\u1ed9ng \u0111\u1ed3ng \u0111\u01b0\u1ee3c \u0111o\u00e0n k\u1ebft b\u1edfi s\u1ef1 ph\u00e1t tri\u1ec3n<\/p>\n\t\t<\/div>\n\t\t\n\t\t<a class=\"elementor-post__read-more\" href=\"https:\/\/adstechnology.vn\/en\/gurtam.html\" aria-label=\"Read more about Gurtam\" tabindex=\"-1\" >\n\t\t\t\u0110\u1eccC TH\u00caM \u00bb\t\t<\/a>\n\n\t\t\t\t<\/div>\n\t\t\t\t<\/article>\n\t\t\t\t<\/div>\n\t\t\n\t\t\t\t\t\t<\/div>\n\t\t\t\t<\/div>\n\t\t\t\t\t<\/div>\n\t\t<\/div>\n\t\t\t\t\t<\/div>\n\t\t<\/section>\n\t\t\t\t<\/div>","protected":false},"excerpt":{"rendered":"<p>\u0110\u1ed0I T\u00c1C<\/p>","protected":false},"author":1,"featured_media":0,"parent":0,"menu_order":10,"comment_status":"closed","ping_status":"closed","template":"","meta":{"site-sidebar-layout":"default","site-content-layout":"page-builder","ast-site-content-layout":"default","site-content-style":"default","site-sidebar-style":"default","ast-global-header-display":"","ast-banner-title-visibility":"","ast-main-header-display":"","ast-hfb-above-header-display":"","ast-hfb-below-header-display":"","ast-hfb-mobile-header-display":"","site-post-title":"disabled","ast-breadcrumbs-content":"","ast-featured-img":"disabled","footer-sml-layout":"","theme-transparent-header-meta":"enabled","adv-header-id-meta":"","stick-header-meta":"","header-above-stick-meta":"","header-main-stick-meta":"","header-below-stick-meta":"","astra-migrate-meta-layouts":"default","ast-page-background-enabled":"default","ast-page-background-meta":{"desktop":{"background-color":"var(--ast-global-color-4)","background-image":"","background-repeat":"repeat","background-position":"center center","background-size":"auto","background-attachment":"scroll","background-type":"","background-media":"","overlay-type":"","overlay-color":"","overlay-opacity":"","overlay-gradient":""},"tablet":{"background-color":"","background-image":"","background-repeat":"repeat","background-position":"center center","background-size":"auto","background-attachment":"scroll","background-type":"","background-media":"","overlay-type":"","overlay-color":"","overlay-opacity":"","overlay-gradient":""},"mobile":{"background-color":"","background-image":"","background-repeat":"repeat","background-position":"center center","background-size":"auto","background-attachment":"scroll","background-type":"","background-media":"","overlay-type":"","overlay-color":"","overlay-opacity":"","overlay-gradient":""}},"ast-content-background-meta":{"desktop":{"background-color":"var(--ast-global-color-5)","background-image":"","background-repeat":"repeat","background-position":"center center","background-size":"auto","background-attachment":"scroll","background-type":"","background-media":"","overlay-type":"","overlay-color":"","overlay-opacity":"","overlay-gradient":""},"tablet":{"background-color":"var(--ast-global-color-5)","background-image":"","background-repeat":"repeat","background-position":"center center","background-size":"auto","background-attachment":"scroll","background-type":"","background-media":"","overlay-type":"","overlay-color":"","overlay-opacity":"","overlay-gradient":""},"mobile":{"background-color":"var(--ast-global-color-5)","background-image":"","background-repeat":"repeat","background-position":"center center","background-size":"auto","background-attachment":"scroll","background-type":"","background-media":"","overlay-type":"","overlay-color":"","overlay-opacity":"","overlay-gradient":""}},"two_page_speed":[],"footnotes":""},"class_list":["post-512","page","type-page","status-publish","hentry"],"rttpg_featured_image_url":null,"rttpg_author":{"display_name":"admin","author_link":"https:\/\/adstechnology.vn\/en\/author\/admin"},"rttpg_comment":0,"rttpg_category":"","rttpg_excerpt":"\u0110\u1ed0I T\u00c1C","_links":{"self":[{"href":"https:\/\/adstechnology.vn\/en\/wp-json\/wp\/v2\/pages\/512","targetHints":{"allow":["GET"]}}],"collection":[{"href":"https:\/\/adstechnology.vn\/en\/wp-json\/wp\/v2\/pages"}],"about":[{"href":"https:\/\/adstechnology.vn\/en\/wp-json\/wp\/v2\/types\/page"}],"author":[{"embeddable":true,"href":"https:\/\/adstechnology.vn\/en\/wp-json\/wp\/v2\/users\/1"}],"replies":[{"embeddable":true,"href":"https:\/\/adstechnology.vn\/en\/wp-json\/wp\/v2\/comments?post=512"}],"version-history":[{"count":19,"href":"https:\/\/adstechnology.vn\/en\/wp-json\/wp\/v2\/pages\/512\/revisions"}],"predecessor-version":[{"id":688,"href":"https:\/\/adstechnology.vn\/en\/wp-json\/wp\/v2\/pages\/512\/revisions\/688"}],"wp:attachment":[{"href":"https:\/\/adstechnology.vn\/en\/wp-json\/wp\/v2\/media?parent=512"}],"curies":[{"name":"wp","href":"https:\/\/api.w.org\/{rel}","templated":true}]}}