{"id":1609,"date":"2025-05-19T10:22:30","date_gmt":"2025-05-19T03:22:30","guid":{"rendered":"https:\/\/adstechnology.vn\/?page_id=1609"},"modified":"2025-05-23T14:21:07","modified_gmt":"2025-05-23T07:21:07","slug":"smart-factory","status":"publish","type":"page","link":"https:\/\/adstechnology.vn\/en\/smart-factory","title":{"rendered":"Smart factory"},"content":{"rendered":"<div data-elementor-type=\"wp-page\" data-elementor-id=\"1609\" class=\"elementor elementor-1609\" data-elementor-post-type=\"page\">\n\t\t\t\t\t\t<section class=\"elementor-section elementor-top-section elementor-element elementor-element-8c08daf elementor-section-full_width elementor-section-height-default elementor-section-height-default wpr-particle-no wpr-jarallax-no wpr-parallax-no wpr-sticky-section-no\" data-id=\"8c08daf\" data-element_type=\"section\" data-e-type=\"section\">\n\t\t\t\t\t\t<div class=\"elementor-container elementor-column-gap-custom\">\n\t\t\t\t\t<div class=\"elementor-column elementor-col-100 elementor-top-column elementor-element elementor-element-d36c210\" data-id=\"d36c210\" data-element_type=\"column\" data-e-type=\"column\">\n\t\t\t<div class=\"elementor-widget-wrap elementor-element-populated\">\n\t\t\t\t\t\t<div class=\"elementor-element elementor-element-8e5b7ba elementor-invisible elementor-widget elementor-widget-image\" data-id=\"8e5b7ba\" data-element_type=\"widget\" data-e-type=\"widget\" data-settings=\"{&quot;_animation&quot;:&quot;fadeInUp&quot;}\" data-widget_type=\"image.default\">\n\t\t\t\t<div class=\"elementor-widget-container\">\n\t\t\t\t\t\t\t\t\t\t\t\t\t\t\t<img fetchpriority=\"high\" decoding=\"async\" width=\"1980\" height=\"1024\" src=\"https:\/\/adstechnology.vn\/wp-content\/uploads\/2025\/05\/smart-48.png\" class=\"attachment-full size-full wp-image-1836\" alt=\"\" srcset=\"https:\/\/adstechnology.vn\/wp-content\/uploads\/2025\/05\/smart-48.png 1980w, https:\/\/adstechnology.vn\/wp-content\/uploads\/2025\/05\/smart-48-600x310.png 600w, https:\/\/adstechnology.vn\/wp-content\/uploads\/2025\/05\/smart-48-300x155.png 300w, https:\/\/adstechnology.vn\/wp-content\/uploads\/2025\/05\/smart-48-1024x530.png 1024w, https:\/\/adstechnology.vn\/wp-content\/uploads\/2025\/05\/smart-48-768x397.png 768w, https:\/\/adstechnology.vn\/wp-content\/uploads\/2025\/05\/smart-48-1536x794.png 1536w, https:\/\/adstechnology.vn\/wp-content\/uploads\/2025\/05\/smart-48-18x9.png 18w\" sizes=\"(max-width: 1980px) 100vw, 1980px\" \/>\t\t\t\t\t\t\t\t\t\t\t\t\t\t\t<\/div>\n\t\t\t\t<\/div>\n\t\t\t\t\t<\/div>\n\t\t<\/div>\n\t\t\t\t\t<\/div>\n\t\t<\/section>\n\t\t\t\t<section class=\"elementor-section elementor-top-section elementor-element elementor-element-b343b28 elementor-section-boxed elementor-section-height-default elementor-section-height-default wpr-particle-no wpr-jarallax-no wpr-parallax-no wpr-sticky-section-no\" data-id=\"b343b28\" data-element_type=\"section\" data-e-type=\"section\">\n\t\t\t\t\t\t<div class=\"elementor-container elementor-column-gap-default\">\n\t\t\t\t\t<div class=\"elementor-column elementor-col-50 elementor-top-column elementor-element elementor-element-7095a75\" data-id=\"7095a75\" data-element_type=\"column\" data-e-type=\"column\">\n\t\t\t<div class=\"elementor-widget-wrap elementor-element-populated\">\n\t\t\t\t\t\t<div class=\"elementor-element elementor-element-9fa189e elementor-invisible elementor-widget elementor-widget-image\" data-id=\"9fa189e\" data-element_type=\"widget\" data-e-type=\"widget\" data-settings=\"{&quot;_animation&quot;:&quot;fadeInLeft&quot;}\" data-widget_type=\"image.default\">\n\t\t\t\t<div class=\"elementor-widget-container\">\n\t\t\t\t\t\t\t\t\t\t\t\t\t\t\t<img decoding=\"async\" width=\"700\" height=\"1024\" src=\"https:\/\/adstechnology.vn\/wp-content\/uploads\/2025\/05\/Bo-dieu-khien-trung-tam-1-1-700x1024.png\" class=\"attachment-large size-large wp-image-1798\" alt=\"\" srcset=\"https:\/\/adstechnology.vn\/wp-content\/uploads\/2025\/05\/Bo-dieu-khien-trung-tam-1-1-700x1024.png 700w, https:\/\/adstechnology.vn\/wp-content\/uploads\/2025\/05\/Bo-dieu-khien-trung-tam-1-1-600x878.png 600w, https:\/\/adstechnology.vn\/wp-content\/uploads\/2025\/05\/Bo-dieu-khien-trung-tam-1-1-205x300.png 205w, https:\/\/adstechnology.vn\/wp-content\/uploads\/2025\/05\/Bo-dieu-khien-trung-tam-1-1-768x1124.png 768w, https:\/\/adstechnology.vn\/wp-content\/uploads\/2025\/05\/Bo-dieu-khien-trung-tam-1-1-1050x1536.png 1050w, https:\/\/adstechnology.vn\/wp-content\/uploads\/2025\/05\/Bo-dieu-khien-trung-tam-1-1-8x12.png 8w, https:\/\/adstechnology.vn\/wp-content\/uploads\/2025\/05\/Bo-dieu-khien-trung-tam-1-1.png 1080w\" sizes=\"(max-width: 700px) 100vw, 700px\" \/>\t\t\t\t\t\t\t\t\t\t\t\t\t\t\t<\/div>\n\t\t\t\t<\/div>\n\t\t\t\t\t<\/div>\n\t\t<\/div>\n\t\t\t\t<div class=\"elementor-column elementor-col-50 elementor-top-column elementor-element elementor-element-d6db88f elementor-invisible\" data-id=\"d6db88f\" data-element_type=\"column\" data-e-type=\"column\" data-settings=\"{&quot;animation&quot;:&quot;fadeInRight&quot;}\">\n\t\t\t<div class=\"elementor-widget-wrap elementor-element-populated\">\n\t\t\t\t\t\t<div class=\"elementor-element elementor-element-e183168 elementor-widget elementor-widget-spacer\" data-id=\"e183168\" data-element_type=\"widget\" data-e-type=\"widget\" data-widget_type=\"spacer.default\">\n\t\t\t\t<div class=\"elementor-widget-container\">\n\t\t\t\t\t\t\t<div class=\"elementor-spacer\">\n\t\t\t<div class=\"elementor-spacer-inner\"><\/div>\n\t\t<\/div>\n\t\t\t\t\t\t<\/div>\n\t\t\t\t<\/div>\n\t\t\t\t<div class=\"elementor-element elementor-element-ef026d2 elementor-widget elementor-widget-heading\" data-id=\"ef026d2\" data-element_type=\"widget\" data-e-type=\"widget\" data-widget_type=\"heading.default\">\n\t\t\t\t<div class=\"elementor-widget-container\">\n\t\t\t\t\t<h2 class=\"elementor-heading-title elementor-size-default\">NH\u00c0 M\u00c1Y TH\u00d4NG MINH L\u00c0 G\u00cc<\/h2>\t\t\t\t<\/div>\n\t\t\t\t<\/div>\n\t\t\t\t<div class=\"elementor-element elementor-element-bd1c206 elementor-widget elementor-widget-text-editor\" data-id=\"bd1c206\" data-element_type=\"widget\" data-e-type=\"widget\" data-widget_type=\"text-editor.default\">\n\t\t\t\t<div class=\"elementor-widget-container\">\n\t\t\t\t\t\t\t\t\t<p><span class=\"OYPEnA font-feature-liga-off font-feature-clig-off font-feature-calt-off text-decoration-none text-strikethrough-none\">Smart Factory l\u00e0 m\u00f4 h\u00ecnh nh\u00e0 m\u00e1y trong \u0111\u00f3 m\u00e1y m\u00f3c, h\u1ec7 th\u1ed1ng v\u00e0 con ng\u01b0\u1eddi \u0111\u01b0\u1ee3c k\u1ebft n\u1ed1i qua m\u1ea1ng, gi\u00fap t\u1ef1 \u0111\u1ed9ng thu th\u1eadp v\u00e0 ph\u00e2n t\u00edch d\u1eef li\u1ec7u \u0111\u1ec3 t\u1ed1i \u01b0u h\u00f3a s\u1ea3n xu\u1ea5t m\u00e0 kh\u00f4ng c\u1ea7n nhi\u1ec1u can thi\u1ec7p th\u1ee7 c\u00f4ng. \u0110\u00e2y l\u00e0 s\u1ef1 h\u1ed9i t\u1ee5 c\u1ee7a c\u00e1c c\u00f4ng ngh\u1ec7 ti\u00ean ti\u1ebfn nh\u01b0<\/span><\/p>\t\t\t\t\t\t\t\t<\/div>\n\t\t\t\t<\/div>\n\t\t\t\t<div class=\"elementor-element elementor-element-336266b elementor-widget elementor-widget-text-editor\" data-id=\"336266b\" data-element_type=\"widget\" data-e-type=\"widget\" data-widget_type=\"text-editor.default\">\n\t\t\t\t<div class=\"elementor-widget-container\">\n\t\t\t\t\t\t\t\t\t<ul><li><span class=\"OYPEnA font-feature-liga-off font-feature-clig-off font-feature-calt-off text-decoration-none text-strikethrough-none\">IoT (Internet v\u1ea1n v\u1eadt c\u00f4ng nghi\u1ec7p)<\/span><\/li><li><span class=\"OYPEnA font-feature-liga-off font-feature-clig-off font-feature-calt-off text-decoration-none text-strikethrough-none\">AI, Big Data, CPS, Embedded Systems<\/span><\/li><li><span class=\"OYPEnA font-feature-liga-off font-feature-clig-off font-feature-calt-off text-decoration-none text-strikethrough-none\">Cloud Computing, Bluetooth, RFID<\/span><\/li><li><span class=\"OYPEnA font-feature-liga-off font-feature-clig-off font-feature-calt-off text-decoration-none text-strikethrough-none\">H\u1ec7 th\u1ed1ng \u0111i\u1ec1u h\u00e0nh s\u1ea3n xu\u1ea5t MES, ERP, WMS, SCADA&#8230;<\/span><\/li><\/ul>\t\t\t\t\t\t\t\t<\/div>\n\t\t\t\t<\/div>\n\t\t\t\t\t<\/div>\n\t\t<\/div>\n\t\t\t\t\t<\/div>\n\t\t<\/section>\n\t\t\t\t<section class=\"elementor-section elementor-top-section elementor-element elementor-element-a192eed elementor-section-boxed elementor-section-height-default elementor-section-height-default wpr-particle-no wpr-jarallax-no wpr-parallax-no wpr-sticky-section-no\" data-id=\"a192eed\" data-element_type=\"section\" data-e-type=\"section\">\n\t\t\t\t\t\t<div class=\"elementor-container elementor-column-gap-default\">\n\t\t\t\t\t<div class=\"elementor-column elementor-col-100 elementor-top-column elementor-element elementor-element-754b9e3\" data-id=\"754b9e3\" data-element_type=\"column\" data-e-type=\"column\">\n\t\t\t<div class=\"elementor-widget-wrap elementor-element-populated\">\n\t\t\t\t\t\t<div class=\"elementor-element elementor-element-7fac690 elementor-widget elementor-widget-spacer\" data-id=\"7fac690\" data-element_type=\"widget\" data-e-type=\"widget\" data-widget_type=\"spacer.default\">\n\t\t\t\t<div class=\"elementor-widget-container\">\n\t\t\t\t\t\t\t<div class=\"elementor-spacer\">\n\t\t\t<div class=\"elementor-spacer-inner\"><\/div>\n\t\t<\/div>\n\t\t\t\t\t\t<\/div>\n\t\t\t\t<\/div>\n\t\t\t\t\t<\/div>\n\t\t<\/div>\n\t\t\t\t\t<\/div>\n\t\t<\/section>\n\t\t\t\t<section class=\"elementor-section elementor-top-section elementor-element elementor-element-35522ab elementor-section-boxed elementor-section-height-default elementor-section-height-default wpr-particle-no wpr-jarallax-no wpr-parallax-no wpr-sticky-section-no elementor-invisible\" data-id=\"35522ab\" data-element_type=\"section\" data-e-type=\"section\" data-settings=\"{&quot;background_background&quot;:&quot;classic&quot;,&quot;animation&quot;:&quot;fadeInUp&quot;}\">\n\t\t\t\t\t\t\t<div class=\"elementor-background-overlay\"><\/div>\n\t\t\t\t\t\t\t<div class=\"elementor-container elementor-column-gap-default\">\n\t\t\t\t\t<div class=\"elementor-column elementor-col-50 elementor-top-column elementor-element elementor-element-9f99093\" data-id=\"9f99093\" data-element_type=\"column\" data-e-type=\"column\">\n\t\t\t<div class=\"elementor-widget-wrap elementor-element-populated\">\n\t\t\t\t\t\t<div class=\"elementor-element elementor-element-e44a9c8 elementor-widget elementor-widget-spacer\" data-id=\"e44a9c8\" data-element_type=\"widget\" data-e-type=\"widget\" data-widget_type=\"spacer.default\">\n\t\t\t\t<div class=\"elementor-widget-container\">\n\t\t\t\t\t\t\t<div class=\"elementor-spacer\">\n\t\t\t<div class=\"elementor-spacer-inner\"><\/div>\n\t\t<\/div>\n\t\t\t\t\t\t<\/div>\n\t\t\t\t<\/div>\n\t\t\t\t<div class=\"elementor-element elementor-element-5e8d6e5 elementor-widget elementor-widget-heading\" data-id=\"5e8d6e5\" data-element_type=\"widget\" data-e-type=\"widget\" data-widget_type=\"heading.default\">\n\t\t\t\t<div class=\"elementor-widget-container\">\n\t\t\t\t\t<h2 class=\"elementor-heading-title elementor-size-default\">T\u1ea0I SAO PH\u1ea2I TH\u1ef0C HI\u1ec6N NH\u00c0 M\u00c1Y SMART FACTORY<\/h2>\t\t\t\t<\/div>\n\t\t\t\t<\/div>\n\t\t\t\t<div class=\"elementor-element elementor-element-80720b5 elementor-widget elementor-widget-text-editor\" data-id=\"80720b5\" data-element_type=\"widget\" data-e-type=\"widget\" data-widget_type=\"text-editor.default\">\n\t\t\t\t<div class=\"elementor-widget-container\">\n\t\t\t\t\t\t\t\t\t<ul><li><span class=\"OYPEnA font-feature-liga-off font-feature-clig-off font-feature-calt-off text-decoration-none text-strikethrough-none\">T\u1ed1i \u01b0u v\u1ec1 chi ph\u00ed qu\u1ea3n l\u00fd<\/span><\/li><li><span class=\"OYPEnA font-feature-liga-off font-feature-clig-off font-feature-calt-off text-decoration-none text-strikethrough-none\">T\u1ed1i \u01b0u v\u1ec1 n\u0103ng l\u1ef1c m\u00e1y m\u00f3c thi\u1ebft b\u1ecb v\u00e0 chi ph\u00ed nh\u00e2n c\u00f4ng<\/span><\/li><\/ul>\t\t\t\t\t\t\t\t<\/div>\n\t\t\t\t<\/div>\n\t\t\t\t\t<\/div>\n\t\t<\/div>\n\t\t\t\t<div class=\"elementor-column elementor-col-50 elementor-top-column elementor-element elementor-element-6a0a205\" data-id=\"6a0a205\" data-element_type=\"column\" data-e-type=\"column\">\n\t\t\t<div class=\"elementor-widget-wrap elementor-element-populated\">\n\t\t\t\t\t\t<div class=\"elementor-element elementor-element-8eaf71c elementor-widget elementor-widget-spacer\" data-id=\"8eaf71c\" data-element_type=\"widget\" data-e-type=\"widget\" data-widget_type=\"spacer.default\">\n\t\t\t\t<div class=\"elementor-widget-container\">\n\t\t\t\t\t\t\t<div class=\"elementor-spacer\">\n\t\t\t<div class=\"elementor-spacer-inner\"><\/div>\n\t\t<\/div>\n\t\t\t\t\t\t<\/div>\n\t\t\t\t<\/div>\n\t\t\t\t<div class=\"elementor-element elementor-element-4a31ff2 elementor-widget elementor-widget-text-editor\" data-id=\"4a31ff2\" data-element_type=\"widget\" data-e-type=\"widget\" data-widget_type=\"text-editor.default\">\n\t\t\t\t<div class=\"elementor-widget-container\">\n\t\t\t\t\t\t\t\t\t<p><span class=\"OYPEnA font-feature-liga-off font-feature-clig-off font-feature-calt-off text-decoration-none text-strikethrough-none\">V\u1ea5n \u0111\u1ec1 \u0111\u1eb7t ra v\u1edbi c\u00e1c nh\u00e0 s\u1ea3n xu\u1ea5t to\u00e0n c\u1ea7u l\u00e0 l\u00e0m sao \u0111\u1ec3 c\u00f3 th\u1ec3 c\u1ea1nh tranh v\u00e0 ph\u00e1t tri\u1ec3n \u0111\u01b0\u1ee3c. V\u1edbi ph\u01b0\u01a1ng th\u1ee9c s\u1ea3n xu\u1ea5t hi\u1ec7n t\u1ea1i, th\u00ec c\u00e1c nh\u00e0 s\u1ea3n xu\u1ea5t ch\u1ee7 y\u1ebfu d\u1ef1a v\u00e0o chi ph\u00ed nh\u00e2n c\u00f4ng gi\u00e1 r\u1ebb v\u00e0 ch\u1ea5t l\u01b0\u1ee3ng s\u1ea3n ph\u1ea9m d\u1ef1a v\u00e0o \u0111\u00e1nh gi\u00e1 ch\u1ee7 quan c\u1ee7a con ng\u01b0\u1eddi. Nh\u01b0ng vi\u1ec7c l\u1ea1m ph\u00e1t t\u1ea1i c\u00e1c qu\u1ed1c gia \u0111ang ph\u00e1t tri\u1ec3n, chi ph\u00ed nh\u00e2n c\u00f4ng gi\u00e1 r\u1ebb kh\u00f4ng c\u00f2n l\u00e0 \u01b0u th\u1ebf c\u1ea1nh tranh v\u00e0 chi ph\u00ed \u0111\u01b0a chuy\u00ean gia c\u1ee7a nh\u00e0 s\u1ea3n xu\u1ea5t ra n\u01b0\u1edbc ngo\u00e0i l\u00e0m vi\u1ec7c s\u1ebd \u0111\u1eaft \u0111\u1ecf h\u01a1n vi\u1ec7c \u0111\u01b0a nh\u00e0 m\u00e1y s\u1ea3n xu\u1ea5t v\u00e0o &#8211; C\u00e1c nh\u00e0 s\u1ea3n xu\u1ea5t ch\u1ec9 c\u1ea7n tuy\u1ec3n d\u1ee5ng \u0111\u01b0\u1ee3c chuy\u00ean gia c\u00f3 tr\u00ecnh \u0111\u1ed9 k\u1ef9 thu\u1eadt cao, v\u1eadn h\u00e0nh \u0111\u01b0\u1ee3c h\u1ec7 th\u1ed1ng m\u1ea1ng l\u01b0\u1edbi m\u00e1y m\u00f3c thi\u1ebft b\u1ecb ti\u00ean ti\u1ebfn l\u00e0 gi\u00fap c\u00e1c nh\u00e0 s\u1ea3n xu\u1ea5t ti\u1ebft ki\u1ec7m chi ph\u00ed qu\u1ea3n l\u00fd, v\u1eadn h\u00e0nh v\u00e0 n\u00e2ng cao n\u0103ng su\u1ea5t m\u00e0 s\u1ea3n ph\u1ea9m \u0111\u1ea1t ti\u00eau chu\u1ea9n ch\u1ea5t l\u01b0\u1ee3ng t\u1ed1t h\u01a1n.<\/span><\/p>\t\t\t\t\t\t\t\t<\/div>\n\t\t\t\t<\/div>\n\t\t\t\t\t<\/div>\n\t\t<\/div>\n\t\t\t\t\t<\/div>\n\t\t<\/section>\n\t\t\t\t<section class=\"elementor-section elementor-top-section elementor-element elementor-element-11c8c45 elementor-section-full_width elementor-section-height-default elementor-section-height-default wpr-particle-no wpr-jarallax-no wpr-parallax-no wpr-sticky-section-no\" data-id=\"11c8c45\" data-element_type=\"section\" data-e-type=\"section\">\n\t\t\t\t\t\t<div class=\"elementor-container elementor-column-gap-custom\">\n\t\t\t\t\t<div class=\"elementor-column elementor-col-100 elementor-top-column elementor-element elementor-element-49cc575\" data-id=\"49cc575\" data-element_type=\"column\" data-e-type=\"column\">\n\t\t\t<div class=\"elementor-widget-wrap elementor-element-populated\">\n\t\t\t\t\t\t<div class=\"elementor-element elementor-element-717ff25 elementor-invisible elementor-widget elementor-widget-image\" data-id=\"717ff25\" data-element_type=\"widget\" data-e-type=\"widget\" data-settings=\"{&quot;_animation&quot;:&quot;fadeInUp&quot;}\" data-widget_type=\"image.default\">\n\t\t\t\t<div class=\"elementor-widget-container\">\n\t\t\t\t\t\t\t\t\t\t\t\t\t\t\t<img decoding=\"async\" width=\"1980\" height=\"1024\" src=\"https:\/\/adstechnology.vn\/wp-content\/uploads\/2025\/05\/smart-40.png\" class=\"attachment-full size-full wp-image-1736\" alt=\"\" srcset=\"https:\/\/adstechnology.vn\/wp-content\/uploads\/2025\/05\/smart-40.png 1980w, https:\/\/adstechnology.vn\/wp-content\/uploads\/2025\/05\/smart-40-600x310.png 600w, https:\/\/adstechnology.vn\/wp-content\/uploads\/2025\/05\/smart-40-300x155.png 300w, https:\/\/adstechnology.vn\/wp-content\/uploads\/2025\/05\/smart-40-1024x530.png 1024w, https:\/\/adstechnology.vn\/wp-content\/uploads\/2025\/05\/smart-40-768x397.png 768w, https:\/\/adstechnology.vn\/wp-content\/uploads\/2025\/05\/smart-40-1536x794.png 1536w, https:\/\/adstechnology.vn\/wp-content\/uploads\/2025\/05\/smart-40-18x9.png 18w\" sizes=\"(max-width: 1980px) 100vw, 1980px\" \/>\t\t\t\t\t\t\t\t\t\t\t\t\t\t\t<\/div>\n\t\t\t\t<\/div>\n\t\t\t\t<div class=\"elementor-element elementor-element-f81fc8d elementor-invisible elementor-widget elementor-widget-image\" data-id=\"f81fc8d\" data-element_type=\"widget\" data-e-type=\"widget\" data-settings=\"{&quot;_animation&quot;:&quot;fadeInUp&quot;}\" data-widget_type=\"image.default\">\n\t\t\t\t<div class=\"elementor-widget-container\">\n\t\t\t\t\t\t\t\t\t\t\t\t\t\t\t<img loading=\"lazy\" decoding=\"async\" width=\"1980\" height=\"1024\" src=\"https:\/\/adstechnology.vn\/wp-content\/uploads\/2025\/05\/smart-41.png\" class=\"attachment-full size-full wp-image-1740\" alt=\"\" srcset=\"https:\/\/adstechnology.vn\/wp-content\/uploads\/2025\/05\/smart-41.png 1980w, https:\/\/adstechnology.vn\/wp-content\/uploads\/2025\/05\/smart-41-600x310.png 600w, https:\/\/adstechnology.vn\/wp-content\/uploads\/2025\/05\/smart-41-300x155.png 300w, https:\/\/adstechnology.vn\/wp-content\/uploads\/2025\/05\/smart-41-1024x530.png 1024w, https:\/\/adstechnology.vn\/wp-content\/uploads\/2025\/05\/smart-41-768x397.png 768w, https:\/\/adstechnology.vn\/wp-content\/uploads\/2025\/05\/smart-41-1536x794.png 1536w, https:\/\/adstechnology.vn\/wp-content\/uploads\/2025\/05\/smart-41-18x9.png 18w\" sizes=\"(max-width: 1980px) 100vw, 1980px\" \/>\t\t\t\t\t\t\t\t\t\t\t\t\t\t\t<\/div>\n\t\t\t\t<\/div>\n\t\t\t\t<div class=\"elementor-element elementor-element-bb7490a elementor-invisible elementor-widget elementor-widget-image\" data-id=\"bb7490a\" data-element_type=\"widget\" data-e-type=\"widget\" data-settings=\"{&quot;_animation&quot;:&quot;fadeInUp&quot;}\" data-widget_type=\"image.default\">\n\t\t\t\t<div class=\"elementor-widget-container\">\n\t\t\t\t\t\t\t\t\t\t\t\t\t\t\t<img loading=\"lazy\" decoding=\"async\" width=\"1980\" height=\"1024\" src=\"https:\/\/adstechnology.vn\/wp-content\/uploads\/2025\/05\/smart-43.png\" class=\"attachment-full size-full wp-image-1743\" alt=\"\" srcset=\"https:\/\/adstechnology.vn\/wp-content\/uploads\/2025\/05\/smart-43.png 1980w, https:\/\/adstechnology.vn\/wp-content\/uploads\/2025\/05\/smart-43-600x310.png 600w, https:\/\/adstechnology.vn\/wp-content\/uploads\/2025\/05\/smart-43-300x155.png 300w, https:\/\/adstechnology.vn\/wp-content\/uploads\/2025\/05\/smart-43-1024x530.png 1024w, https:\/\/adstechnology.vn\/wp-content\/uploads\/2025\/05\/smart-43-768x397.png 768w, https:\/\/adstechnology.vn\/wp-content\/uploads\/2025\/05\/smart-43-1536x794.png 1536w, https:\/\/adstechnology.vn\/wp-content\/uploads\/2025\/05\/smart-43-18x9.png 18w\" sizes=\"(max-width: 1980px) 100vw, 1980px\" \/>\t\t\t\t\t\t\t\t\t\t\t\t\t\t\t<\/div>\n\t\t\t\t<\/div>\n\t\t\t\t\t<\/div>\n\t\t<\/div>\n\t\t\t\t\t<\/div>\n\t\t<\/section>\n\t\t\t\t<\/div>","protected":false},"excerpt":{"rendered":"<p>NH\u00c0 M\u00c1Y TH\u00d4NG MINH L\u00c0 G\u00cc Smart Factory l\u00e0 m\u00f4 h\u00ecnh nh\u00e0 m\u00e1y trong \u0111\u00f3 m\u00e1y m\u00f3c, h\u1ec7 th\u1ed1ng v\u00e0 con ng\u01b0\u1eddi \u0111\u01b0\u1ee3c k\u1ebft n\u1ed1i qua m\u1ea1ng, gi\u00fap t\u1ef1 \u0111\u1ed9ng thu th\u1eadp v\u00e0 ph\u00e2n t\u00edch d\u1eef li\u1ec7u \u0111\u1ec3 t\u1ed1i \u01b0u h\u00f3a s\u1ea3n xu\u1ea5t m\u00e0 kh\u00f4ng c\u1ea7n nhi\u1ec1u can thi\u1ec7p th\u1ee7 c\u00f4ng. \u0110\u00e2y l\u00e0 s\u1ef1 h\u1ed9i t\u1ee5 c\u1ee7a c\u00e1c c\u00f4ng ngh\u1ec7 ti\u00ean ti\u1ebfn nh\u01b0 IoT (Internet v\u1ea1n v\u1eadt c\u00f4ng nghi\u1ec7p) AI, Big Data, CPS, Embedded Systems Cloud Computing, Bluetooth, RFID H\u1ec7 th\u1ed1ng \u0111i\u1ec1u h\u00e0nh s\u1ea3n xu\u1ea5t MES, ERP, WMS, SCADA&#8230; T\u1ea0I SAO PH\u1ea2I TH\u1ef0C HI\u1ec6N NH\u00c0 M\u00c1Y SMART FACTORY T\u1ed1i \u01b0u v\u1ec1 chi ph\u00ed qu\u1ea3n l\u00fd T\u1ed1i \u01b0u v\u1ec1 n\u0103ng l\u1ef1c m\u00e1y m\u00f3c thi\u1ebft b\u1ecb v\u00e0 chi ph\u00ed nh\u00e2n c\u00f4ng V\u1ea5n \u0111\u1ec1 \u0111\u1eb7t ra v\u1edbi c\u00e1c nh\u00e0 s\u1ea3n xu\u1ea5t to\u00e0n c\u1ea7u l\u00e0 l\u00e0m sao \u0111\u1ec3 c\u00f3 th\u1ec3 c\u1ea1nh tranh v\u00e0 ph\u00e1t tri\u1ec3n \u0111\u01b0\u1ee3c. V\u1edbi ph\u01b0\u01a1ng th\u1ee9c s\u1ea3n xu\u1ea5t hi\u1ec7n t\u1ea1i, th\u00ec c\u00e1c nh\u00e0 s\u1ea3n xu\u1ea5t ch\u1ee7 y\u1ebfu d\u1ef1a v\u00e0o chi ph\u00ed nh\u00e2n c\u00f4ng gi\u00e1 r\u1ebb v\u00e0 ch\u1ea5t l\u01b0\u1ee3ng s\u1ea3n ph\u1ea9m d\u1ef1a v\u00e0o \u0111\u00e1nh gi\u00e1 ch\u1ee7 quan c\u1ee7a con ng\u01b0\u1eddi. Nh\u01b0ng vi\u1ec7c l\u1ea1m ph\u00e1t t\u1ea1i c\u00e1c qu\u1ed1c gia \u0111ang ph\u00e1t tri\u1ec3n, chi ph\u00ed nh\u00e2n c\u00f4ng gi\u00e1 r\u1ebb kh\u00f4ng c\u00f2n l\u00e0 \u01b0u th\u1ebf c\u1ea1nh tranh v\u00e0 chi ph\u00ed \u0111\u01b0a chuy\u00ean gia c\u1ee7a nh\u00e0 s\u1ea3n xu\u1ea5t ra n\u01b0\u1edbc ngo\u00e0i l\u00e0m vi\u1ec7c s\u1ebd \u0111\u1eaft \u0111\u1ecf h\u01a1n vi\u1ec7c \u0111\u01b0a nh\u00e0 m\u00e1y s\u1ea3n xu\u1ea5t v\u00e0o &#8211; C\u00e1c nh\u00e0 s\u1ea3n xu\u1ea5t ch\u1ec9 c\u1ea7n tuy\u1ec3n d\u1ee5ng \u0111\u01b0\u1ee3c chuy\u00ean gia c\u00f3 tr\u00ecnh \u0111\u1ed9 k\u1ef9 thu\u1eadt cao, v\u1eadn h\u00e0nh \u0111\u01b0\u1ee3c h\u1ec7 th\u1ed1ng m\u1ea1ng l\u01b0\u1edbi m\u00e1y m\u00f3c thi\u1ebft b\u1ecb ti\u00ean ti\u1ebfn l\u00e0 gi\u00fap c\u00e1c nh\u00e0 s\u1ea3n xu\u1ea5t ti\u1ebft ki\u1ec7m chi ph\u00ed qu\u1ea3n l\u00fd, v\u1eadn h\u00e0nh v\u00e0 n\u00e2ng cao n\u0103ng su\u1ea5t m\u00e0 s\u1ea3n ph\u1ea9m \u0111\u1ea1t ti\u00eau chu\u1ea9n ch\u1ea5t l\u01b0\u1ee3ng t\u1ed1t h\u01a1n.<\/p>","protected":false},"author":7,"featured_media":0,"parent":0,"menu_order":0,"comment_status":"closed","ping_status":"closed","template":"","meta":{"site-sidebar-layout":"no-sidebar","site-content-layout":"page-builder","ast-site-content-layout":"default","site-content-style":"default","site-sidebar-style":"default","ast-global-header-display":"","ast-banner-title-visibility":"","ast-main-header-display":"","ast-hfb-above-header-display":"","ast-hfb-below-header-display":"","ast-hfb-mobile-header-display":"","site-post-title":"disabled","ast-breadcrumbs-content":"","ast-featured-img":"disabled","footer-sml-layout":"","theme-transparent-header-meta":"default","adv-header-id-meta":"","stick-header-meta":"","header-above-stick-meta":"","header-main-stick-meta":"","header-below-stick-meta":"","astra-migrate-meta-layouts":"default","ast-page-background-enabled":"default","ast-page-background-meta":{"desktop":{"background-color":"var(--ast-global-color-4)","background-image":"","background-repeat":"repeat","background-position":"center center","background-size":"auto","background-attachment":"scroll","background-type":"","background-media":"","overlay-type":"","overlay-color":"","overlay-opacity":"","overlay-gradient":""},"tablet":{"background-color":"","background-image":"","background-repeat":"repeat","background-position":"center center","background-size":"auto","background-attachment":"scroll","background-type":"","background-media":"","overlay-type":"","overlay-color":"","overlay-opacity":"","overlay-gradient":""},"mobile":{"background-color":"","background-image":"","background-repeat":"repeat","background-position":"center center","background-size":"auto","background-attachment":"scroll","background-type":"","background-media":"","overlay-type":"","overlay-color":"","overlay-opacity":"","overlay-gradient":""}},"ast-content-background-meta":{"desktop":{"background-color":"var(--ast-global-color-5)","background-image":"","background-repeat":"repeat","background-position":"center center","background-size":"auto","background-attachment":"scroll","background-type":"","background-media":"","overlay-type":"","overlay-color":"","overlay-opacity":"","overlay-gradient":""},"tablet":{"background-color":"var(--ast-global-color-5)","background-image":"","background-repeat":"repeat","background-position":"center center","background-size":"auto","background-attachment":"scroll","background-type":"","background-media":"","overlay-type":"","overlay-color":"","overlay-opacity":"","overlay-gradient":""},"mobile":{"background-color":"var(--ast-global-color-5)","background-image":"","background-repeat":"repeat","background-position":"center center","background-size":"auto","background-attachment":"scroll","background-type":"","background-media":"","overlay-type":"","overlay-color":"","overlay-opacity":"","overlay-gradient":""}},"two_page_speed":[],"footnotes":""},"class_list":["post-1609","page","type-page","status-publish","hentry"],"rttpg_featured_image_url":null,"rttpg_author":{"display_name":"Ph\u1ea1m D\u0169ng","author_link":"https:\/\/adstechnology.vn\/en\/author\/dungpham"},"rttpg_comment":0,"rttpg_category":null,"rttpg_excerpt":"NH\u00c0 M\u00c1Y TH\u00d4NG MINH L\u00c0 G\u00cc Smart Factory l\u00e0 m\u00f4 h\u00ecnh nh\u00e0 m\u00e1y trong \u0111\u00f3 m\u00e1y m\u00f3c, h\u1ec7 th\u1ed1ng v\u00e0 con ng\u01b0\u1eddi \u0111\u01b0\u1ee3c k\u1ebft n\u1ed1i qua m\u1ea1ng, gi\u00fap t\u1ef1 \u0111\u1ed9ng thu th\u1eadp v\u00e0 ph\u00e2n t\u00edch d\u1eef li\u1ec7u \u0111\u1ec3 t\u1ed1i \u01b0u h\u00f3a s\u1ea3n xu\u1ea5t m\u00e0 kh\u00f4ng c\u1ea7n nhi\u1ec1u can thi\u1ec7p th\u1ee7 c\u00f4ng. \u0110\u00e2y l\u00e0 s\u1ef1 h\u1ed9i&hellip;","_links":{"self":[{"href":"https:\/\/adstechnology.vn\/en\/wp-json\/wp\/v2\/pages\/1609","targetHints":{"allow":["GET"]}}],"collection":[{"href":"https:\/\/adstechnology.vn\/en\/wp-json\/wp\/v2\/pages"}],"about":[{"href":"https:\/\/adstechnology.vn\/en\/wp-json\/wp\/v2\/types\/page"}],"author":[{"embeddable":true,"href":"https:\/\/adstechnology.vn\/en\/wp-json\/wp\/v2\/users\/7"}],"replies":[{"embeddable":true,"href":"https:\/\/adstechnology.vn\/en\/wp-json\/wp\/v2\/comments?post=1609"}],"version-history":[{"count":55,"href":"https:\/\/adstechnology.vn\/en\/wp-json\/wp\/v2\/pages\/1609\/revisions"}],"predecessor-version":[{"id":1839,"href":"https:\/\/adstechnology.vn\/en\/wp-json\/wp\/v2\/pages\/1609\/revisions\/1839"}],"wp:attachment":[{"href":"https:\/\/adstechnology.vn\/en\/wp-json\/wp\/v2\/media?parent=1609"}],"curies":[{"name":"wp","href":"https:\/\/api.w.org\/{rel}","templated":true}]}}